{"id":1000,"date":"2014-02-10T20:52:02","date_gmt":"2014-02-10T20:52:02","guid":{"rendered":"http:\/\/xn--skuggorfrndetfrflutna-02b01b.se\/?page_id=1000"},"modified":"2015-06-03T16:45:48","modified_gmt":"2015-06-03T16:45:48","slug":"bildarkiv-vita-bussarna","status":"publish","type":"page","link":"http:\/\/xn--skuggorfrndetfrflutna-02b01b.se\/?page_id=1000","title":{"rendered":"Bildarkiv &#8211; Vita bussarna"},"content":{"rendered":"<p><a href=\"http:\/\/www.digitaltmuseum.se\/search?query=Vita+bussarna&amp;js=1\" target=\"_blank\">Bilder fr\u00e5n digitalt museum. Klicka p\u00e5 l\u00e4nken.<\/a><\/p>\n<p><a href=\"http:\/\/www.redcross.se\/om-oss\/historik\/vita-bussarna\/\" target=\"_blank\">R\u00f6da korset om de vita bussarna. Klicka p\u00e5 denna l\u00e4nk.<\/a><\/p>\n<p><a href=\"http:\/\/www.filmarkivet.se\/sv\/Film\/?movieid=566\" target=\"_blank\">Vittnesb\u00f6rdet 1945. Film om de vita bussarnas ankomst till Malm\u00f6 1945. Klicka denna l\u00e4nk.<\/a><\/p>\n<p><a href=\"http:\/\/harbourofhope.com\/\">Harbor of hope. Web-sida om dokument\u00e4rfilmen med samma namn. Klicka p\u00e5 denna l\u00e4nk.<\/a><\/p>\n","protected":false},"excerpt":{"rendered":"<p>Bilder fr\u00e5n digitalt museum. Klicka p\u00e5 l\u00e4nken. R\u00f6da korset om de vita bussarna. Klicka p\u00e5 denna l\u00e4nk. Vittnesb\u00f6rdet 1945. Film om de vita bussarnas ankomst till Malm\u00f6 1945. Klicka denna l\u00e4nk. Harbor of hope. Web-sida om dokument\u00e4rfilmen med samma namn. Klicka p\u00e5 denna l\u00e4nk.<\/p>\n","protected":false},"author":1,"featured_media":0,"parent":0,"menu_order":0,"comment_status":"closed","ping_status":"open","template":"","meta":{"_monsterinsights_skip_tracking":false,"_monsterinsights_sitenote_active":false,"_monsterinsights_sitenote_note":"","_monsterinsights_sitenote_category":0,"footnotes":""},"class_list":["post-1000","page","type-page","status-publish","hentry","nodate","item-wrap"],"jetpack_sharing_enabled":true,"_links":{"self":[{"href":"http:\/\/xn--skuggorfrndetfrflutna-02b01b.se\/index.php?rest_route=\/wp\/v2\/pages\/1000","targetHints":{"allow":["GET"]}}],"collection":[{"href":"http:\/\/xn--skuggorfrndetfrflutna-02b01b.se\/index.php?rest_route=\/wp\/v2\/pages"}],"about":[{"href":"http:\/\/xn--skuggorfrndetfrflutna-02b01b.se\/index.php?rest_route=\/wp\/v2\/types\/page"}],"author":[{"embeddable":true,"href":"http:\/\/xn--skuggorfrndetfrflutna-02b01b.se\/index.php?rest_route=\/wp\/v2\/users\/1"}],"replies":[{"embeddable":true,"href":"http:\/\/xn--skuggorfrndetfrflutna-02b01b.se\/index.php?rest_route=%2Fwp%2Fv2%2Fcomments&post=1000"}],"version-history":[{"count":7,"href":"http:\/\/xn--skuggorfrndetfrflutna-02b01b.se\/index.php?rest_route=\/wp\/v2\/pages\/1000\/revisions"}],"predecessor-version":[{"id":2198,"href":"http:\/\/xn--skuggorfrndetfrflutna-02b01b.se\/index.php?rest_route=\/wp\/v2\/pages\/1000\/revisions\/2198"}],"wp:attachment":[{"href":"http:\/\/xn--skuggorfrndetfrflutna-02b01b.se\/index.php?rest_route=%2Fwp%2Fv2%2Fmedia&parent=1000"}],"curies":[{"name":"wp","href":"https:\/\/api.w.org\/{rel}","templated":true}]}}